{"id":10774,"date":"2024-11-21T15:25:49","date_gmt":"2024-11-21T14:25:49","guid":{"rendered":"https:\/\/thorr-vinci.fr\/blog\/"},"modified":"2024-11-21T15:25:49","modified_gmt":"2024-11-21T14:25:49","slug":"blog","status":"publish","type":"page","link":"https:\/\/thorr-vinci.fr\/de\/blog\/","title":{"rendered":"Blog"},"content":{"rendered":"\t\t<div data-elementor-type=\"wp-page\" data-elementor-id=\"10774\" class=\"elementor elementor-10774 elementor-10074\" data-elementor-post-type=\"page\">\n\t\t\t\t<div class=\"elementor-element elementor-element-9c3fc06 e-flex e-con-boxed e-con e-parent\" data-id=\"9c3fc06\" data-element_type=\"container\" data-e-type=\"container\">\n\t\t\t\t\t<div class=\"e-con-inner\">\n\t\t\t\t<div class=\"elementor-element elementor-element-74e03a4 elementor-widget elementor-widget-image\" data-id=\"74e03a4\" data-element_type=\"widget\" data-e-type=\"widget\" data-widget_type=\"image.default\">\n\t\t\t\t<div class=\"elementor-widget-container\">\n\t\t\t\t\t\t\t\t\t\t\t\t\t\t\t<img fetchpriority=\"high\" decoding=\"async\" data-attachment-id=\"10306\" data-permalink=\"https:\/\/thorr-vinci.fr\/de\/blog\/banniere-blog-site-1-2\/\" data-orig-file=\"https:\/\/thorr-vinci.fr\/wp-content\/uploads\/2024\/12\/Banniere-Blog-site-1.png\" data-orig-size=\"560,315\" data-comments-opened=\"1\" data-image-meta=\"{&quot;aperture&quot;:&quot;0&quot;,&quot;credit&quot;:&quot;&quot;,&quot;camera&quot;:&quot;&quot;,&quot;caption&quot;:&quot;&quot;,&quot;created_timestamp&quot;:&quot;0&quot;,&quot;copyright&quot;:&quot;&quot;,&quot;focal_length&quot;:&quot;0&quot;,&quot;iso&quot;:&quot;0&quot;,&quot;shutter_speed&quot;:&quot;0&quot;,&quot;title&quot;:&quot;&quot;,&quot;orientation&quot;:&quot;0&quot;}\" data-image-title=\"Banni\u00e8re Blog site (1)\" data-image-description=\"\" data-image-caption=\"\" data-medium-file=\"https:\/\/thorr-vinci.fr\/wp-content\/uploads\/2024\/12\/Banniere-Blog-site-1-300x169.png\" data-large-file=\"https:\/\/thorr-vinci.fr\/wp-content\/uploads\/2024\/12\/Banniere-Blog-site-1.png\" width=\"560\" height=\"315\" src=\"https:\/\/thorr-vinci.fr\/wp-content\/uploads\/2024\/12\/Banniere-Blog-site-1.png\" class=\"attachment-large size-large wp-image-10306\" alt=\"Banni\u00e8re Blog site (1)\" srcset=\"https:\/\/thorr-vinci.fr\/wp-content\/uploads\/2024\/12\/Banniere-Blog-site-1.png 560w, https:\/\/thorr-vinci.fr\/wp-content\/uploads\/2024\/12\/Banniere-Blog-site-1-300x169.png 300w\" sizes=\"(max-width: 560px) 100vw, 560px\" data-attachment-id=\"10306\" data-permalink=\"https:\/\/thorr-vinci.fr\/de\/blog\/banniere-blog-site-1-2\/\" data-orig-file=\"https:\/\/thorr-vinci.fr\/wp-content\/uploads\/2024\/12\/Banniere-Blog-site-1.png\" data-orig-size=\"560,315\" data-comments-opened=\"1\" data-image-meta=\"{&quot;aperture&quot;:&quot;0&quot;,&quot;credit&quot;:&quot;&quot;,&quot;camera&quot;:&quot;&quot;,&quot;caption&quot;:&quot;&quot;,&quot;created_timestamp&quot;:&quot;0&quot;,&quot;copyright&quot;:&quot;&quot;,&quot;focal_length&quot;:&quot;0&quot;,&quot;iso&quot;:&quot;0&quot;,&quot;shutter_speed&quot;:&quot;0&quot;,&quot;title&quot;:&quot;&quot;,&quot;orientation&quot;:&quot;0&quot;}\" data-image-title=\"Banni\u00e8re Blog site (1)\" data-image-description=\"\" data-image-caption=\"\" data-medium-file=\"https:\/\/thorr-vinci.fr\/wp-content\/uploads\/2024\/12\/Banniere-Blog-site-1-300x169.png\" data-large-file=\"https:\/\/thorr-vinci.fr\/wp-content\/uploads\/2024\/12\/Banniere-Blog-site-1.png\" \/>\t\t\t\t\t\t\t\t\t\t\t\t\t\t\t<\/div>\n\t\t\t\t<\/div>\n\t\t\t\t\t<\/div>\n\t\t\t\t<\/div>\n\t\t<div class=\"elementor-element elementor-element-581fd3e e-flex e-con-boxed e-con e-parent\" data-id=\"581fd3e\" data-element_type=\"container\" data-e-type=\"container\">\n\t\t\t\t\t<div class=\"e-con-inner\">\n\t\t<div class=\"elementor-element elementor-element-7058f6c2 e-con-full e-flex e-con e-child\" data-id=\"7058f6c2\" data-element_type=\"container\" data-e-type=\"container\">\n\t\t<div class=\"elementor-element elementor-element-5e007ac8 e-con-full e-flex e-con e-child\" data-id=\"5e007ac8\" data-element_type=\"container\" data-e-type=\"container\">\n\t\t<div class=\"elementor-element elementor-element-1dbf34f5 e-flex e-con-boxed e-con e-child\" data-id=\"1dbf34f5\" data-element_type=\"container\" data-e-type=\"container\">\n\t\t\t\t\t<div class=\"e-con-inner\">\n\t\t\t\t<div class=\"elementor-element elementor-element-7851d56d elementor-widget-mobile__width-inherit elementor-widget elementor-widget-text-editor\" data-id=\"7851d56d\" data-element_type=\"widget\" data-e-type=\"widget\" data-widget_type=\"text-editor.default\">\n\t\t\t\t<div class=\"elementor-widget-container\">\n\t\t\t\t\t\t\t\t\t<div class=\"wp-block-spacer\" style=\"height: calc( 0.25 * var(--wp--style--root--padding-right, var(--wp--custom--gap--horizontal)));\" aria-hidden=\"true\">&nbsp;<\/div>\n<div class=\"wp-block-group alignfull\" style=\"margin-top: 0; margin-bottom: 0; padding: calc( 0.5 * var(--wp--style--root--padding-right, var(--wp--custom--gap--horizontal))) var(--wp--style--root--padding-right, var(--wp--custom--gap--horizontal)) calc( 0.5 * var(--wp--style--root--padding-right, var(--wp--custom--gap--horizontal))) var(--wp--style--root--padding-left, var(--wp--custom--gap--horizontal));\">\n<h2 class=\"wp-block-heading has-text-align-center\"><span style=\"vertical-align: inherit;\"><span style=\"vertical-align: inherit;\">Bienvenue sur notre b<\/span><\/span><span style=\"color: var( --e-global-color-secondary ); font-family: var( --e-global-typography-3f3e88c-font-family ), Sans-serif; font-size: var( --e-global-typography-3f3e88c-font-size ); font-weight: var( --e-global-typography-3f3e88c-font-weight ); text-transform: var( --e-global-typography-3f3e88c-text-transform );\">log : Astuces et Actus<\/span><\/h2>\n<\/div>\t\t\t\t\t\t\t\t<\/div>\n\t\t\t\t<\/div>\n\t\t\t\t\t<\/div>\n\t\t\t\t<\/div>\n\t\t\t\t<div class=\"elementor-element elementor-element-6bf48ec0 elementor-widget elementor-widget-text-editor\" data-id=\"6bf48ec0\" data-element_type=\"widget\" data-e-type=\"widget\" data-widget_type=\"text-editor.default\">\n\t\t\t\t<div class=\"elementor-widget-container\">\n\t\t\t\t\t\t\t\t\t<p><span style=\"color: #c2a57c; font-family: var( --e-global-typography-text-font-family ), Sans-serif; font-size: var( --e-global-typography-text-font-size ); font-weight: var( --e-global-typography-text-font-weight ); text-transform: var( --e-global-typography-text-text-transform );\">D\u00e9couvrez ici des articles vari\u00e9s m\u00ealant expertise, simplicit\u00e9 et vision.<\/span><\/p><p>Ce lieu est con\u00e7u pour vous accompagner \u00e0 travers des conseils, des inspirations et des id\u00e9es autour de notre domaine, mais aussi des valeurs qui nous animent, pour vous aider \u00e0 b\u00e2tir un avenir align\u00e9 avec vos projets et vos convictions.<\/p>\t\t\t\t\t\t\t\t<\/div>\n\t\t\t\t<\/div>\n\t\t\t\t<\/div>\n\t\t\t\t<\/div>\n\t\t\t\t\t<\/div>\n\t\t\t\t<\/div>\n\t\t\t\t<section class=\"elementor-section elementor-top-section elementor-element elementor-element-9403295 elementor-section-boxed elementor-section-height-default elementor-section-height-default\" data-id=\"9403295\" data-element_type=\"section\" data-e-type=\"section\" data-settings=\"{&quot;background_background&quot;:&quot;classic&quot;}\">\n\t\t\t\t\t\t<div class=\"elementor-container elementor-column-gap-default\">\n\t\t\t\t\t<div class=\"elementor-column elementor-col-100 elementor-top-column elementor-element elementor-element-6475ee92\" data-id=\"6475ee92\" data-element_type=\"column\" data-e-type=\"column\">\n\t\t\t<div class=\"elementor-widget-wrap elementor-element-populated\">\n\t\t\t\t\t\t<div class=\"elementor-element elementor-element-3584a782 elementor-widget__width-initial elementor-widget elementor-widget-elementskit-heading\" data-id=\"3584a782\" data-element_type=\"widget\" data-e-type=\"widget\" data-widget_type=\"elementskit-heading.default\">\n\t\t\t\t<div class=\"elementor-widget-container\">\n\t\t\t\t\t<div class=\"ekit-wid-con\" ><div class=\"ekit-heading elementskit-section-title-wraper text_center   ekit_heading_tablet-   ekit_heading_mobile-\"><h2 class=\"ekit-heading--title elementskit-section-title \">Nos derniers articles<\/h2><h3 class=\"ekit-heading--subtitle elementskit-section-subtitle  \">\n\t\t\t\t\t\tUne lecture simple, des sujets ouverts \u00e0 tous, l&#039;univers de la gestion de patrimoine \u00e0 port\u00e9e de mains\n\t\t\t\t\t<\/h3><\/div><\/div>\t\t\t\t<\/div>\n\t\t\t\t<\/div>\n\t\t\t\t<div class=\"elementor-element elementor-element-64bbb536 elementor-widget elementor-widget-elementskit-blog-posts\" data-id=\"64bbb536\" data-element_type=\"widget\" data-e-type=\"widget\" data-widget_type=\"elementskit-blog-posts.default\">\n\t\t\t\t<div class=\"elementor-widget-container\">\n\t\t\t\t\t<div class=\"ekit-wid-con\" >        <div id=\"post-items--64bbb536\" class=\"row post-items\">\n                    <div class=\"col-lg-4 col-md-6\">\n\n                                    <div class=\"elementskit-post-image-card\">\n                        <div class=\"elementskit-entry-header\">\n                                                            <a href=\"https:\/\/thorr-vinci.fr\/de\/was-ist-unser-beruf-sie-zu-beraten\/\" class=\"elementskit-entry-thumb\">\n                                    <img decoding=\"async\" src=\"https:\/\/thorr-vinci.fr\/wp-content\/uploads\/2024\/12\/stylish-elegant-couple-car-salon-1024x683.jpg\" alt=\"Was ist unser Beruf? Sie zu beraten\">\n                                <\/a><!-- .elementskit-entry-thumb END -->\n                                                            \n                            \n\t\t\t\t\t\t\t\t\t\t\t\t\t<\/div><!-- .elementskit-entry-header END -->\n\n\t\t\t\t\t\t<div class=\"elementskit-post-body \">\n\t\t\t\t\t\t\t\t\t\t\t\t\t\t\t\t\t\t\t\t<h2 class=\"entry-title\">\n\t\t\t\t\t<a href=\"https:\/\/thorr-vinci.fr\/de\/was-ist-unser-beruf-sie-zu-beraten\/\">\n\t\t\t\t\t\tWas ist unser Beruf? Sie zu beraten\t\t\t\t\t<\/a>\n\t\t\t\t<\/h2>\n\t\t\t\t\t\t\t\t\t\t\t\n\t\t\t\t\t\t\t\t\t\t\t\t\t\t\t\t\t\t\t\t\t\t\t\t\t\n\t\t\t\t\t\t\t\t\n\t\t\t\t\t\t\t\t\t\t\t\t\t\t\t\t\t\t\t\t\t\t\t\t\t\t\t\t\t                                                    <\/div><!-- .elementskit-post-body END -->\n                    <\/div>\n                \n            <\/div>\n                    <div class=\"col-lg-4 col-md-6\">\n\n                                    <div class=\"elementskit-post-image-card\">\n                        <div class=\"elementskit-entry-header\">\n                                                            <a href=\"https:\/\/thorr-vinci.fr\/de\/die-steuerbefreiung-verstehen\/\" class=\"elementskit-entry-thumb\">\n                                    <img decoding=\"async\" src=\"https:\/\/thorr-vinci.fr\/wp-content\/uploads\/2024\/12\/office-with-documents-money-accounts-1024x683.jpg\" alt=\"Die Steuerbefreiung verstehen\">\n                                <\/a><!-- .elementskit-entry-thumb END -->\n                                                            \n                            \n\t\t\t\t\t\t\t\t\t\t\t\t\t<\/div><!-- .elementskit-entry-header END -->\n\n\t\t\t\t\t\t<div class=\"elementskit-post-body \">\n\t\t\t\t\t\t\t\t\t\t\t\t\t\t\t\t\t\t\t\t<h2 class=\"entry-title\">\n\t\t\t\t\t<a href=\"https:\/\/thorr-vinci.fr\/de\/die-steuerbefreiung-verstehen\/\">\n\t\t\t\t\t\tDie Steuerbefreiung verstehen\t\t\t\t\t<\/a>\n\t\t\t\t<\/h2>\n\t\t\t\t\t\t\t\t\t\t\t\n\t\t\t\t\t\t\t\t\t\t\t\t\t\t\t\t\t\t\t\t\t\t\t\t\t\n\t\t\t\t\t\t\t\t\n\t\t\t\t\t\t\t\t\t\t\t\t\t\t\t\t\t\t\t\t\t\t\t\t\t\t\t\t\t                                                    <\/div><!-- .elementskit-post-body END -->\n                    <\/div>\n                \n            <\/div>\n                    <div class=\"col-lg-4 col-md-6\">\n\n                                    <div class=\"elementskit-post-image-card\">\n                        <div class=\"elementskit-entry-header\">\n                                                            <a href=\"https:\/\/thorr-vinci.fr\/de\/finanzielle-investitionen\/\" class=\"elementskit-entry-thumb\">\n                                    <img decoding=\"async\" src=\"https:\/\/thorr-vinci.fr\/wp-content\/uploads\/2024\/11\/cropped-image-businessmen-discussing-office-1024x683.jpg\" alt=\"Finanzielle Investitionen\">\n                                <\/a><!-- .elementskit-entry-thumb END -->\n                                                            \n                            \n\t\t\t\t\t\t\t\t\t\t\t\t\t<\/div><!-- .elementskit-entry-header END -->\n\n\t\t\t\t\t\t<div class=\"elementskit-post-body \">\n\t\t\t\t\t\t\t\t\t\t\t\t\t\t\t\t\t\t\t\t<h2 class=\"entry-title\">\n\t\t\t\t\t<a href=\"https:\/\/thorr-vinci.fr\/de\/finanzielle-investitionen\/\">\n\t\t\t\t\t\tFinanzielle Investitionen\t\t\t\t\t<\/a>\n\t\t\t\t<\/h2>\n\t\t\t\t\t\t\t\t\t\t\t\n\t\t\t\t\t\t\t\t\t\t\t\t\t\t\t\t\t\t\t\t\t\t\t\t\t\n\t\t\t\t\t\t\t\t\n\t\t\t\t\t\t\t\t\t\t\t\t\t\t\t\t\t\t\t\t\t\t\t\t\t\t\t\t\t                                                    <\/div><!-- .elementskit-post-body END -->\n                    <\/div>\n                \n            <\/div>\n                    <div class=\"col-lg-4 col-md-6\">\n\n                                    <div class=\"elementskit-post-image-card\">\n                        <div class=\"elementskit-entry-header\">\n                                                            <a href=\"https:\/\/thorr-vinci.fr\/de\/wussten-sie-das\/\" class=\"elementskit-entry-thumb\">\n                                    <img decoding=\"async\" src=\"https:\/\/thorr-vinci.fr\/wp-content\/uploads\/2024\/11\/LOIPINELPublicationFacebook_20241121_160949_0000.png\" alt=\"Wussten Sie das?\">\n                                <\/a><!-- .elementskit-entry-thumb END -->\n                                                            \n                            \n\t\t\t\t\t\t\t\t\t\t\t\t\t<\/div><!-- .elementskit-entry-header END -->\n\n\t\t\t\t\t\t<div class=\"elementskit-post-body \">\n\t\t\t\t\t\t\t\t\t\t\t\t\t\t\t\t\t\t\t\t<h2 class=\"entry-title\">\n\t\t\t\t\t<a href=\"https:\/\/thorr-vinci.fr\/de\/wussten-sie-das\/\">\n\t\t\t\t\t\tWussten Sie das?\t\t\t\t\t<\/a>\n\t\t\t\t<\/h2>\n\t\t\t\t\t\t\t\t\t\t\t\n\t\t\t\t\t\t\t\t\t\t\t\t\t\t\t\t\t\t\t\t\t\t\t\t\t\n\t\t\t\t\t\t\t\t\n\t\t\t\t\t\t\t\t\t\t\t\t\t\t\t\t\t\t\t\t\t\t\t\t\t\t\t\t\t                                                    <\/div><!-- .elementskit-post-body END -->\n                    <\/div>\n                \n            <\/div>\n                <\/div>\n       <\/div>\t\t\t\t<\/div>\n\t\t\t\t<\/div>\n\t\t\t\t\t<\/div>\n\t\t<\/div>\n\t\t\t\t\t<\/div>\n\t\t<\/section>\n\t\t<div class=\"elementor-element elementor-element-624eb90f e-con-full e-flex e-con e-parent\" data-id=\"624eb90f\" data-element_type=\"container\" data-e-type=\"container\" data-settings=\"{&quot;background_background&quot;:&quot;classic&quot;}\">\n\t\t\t\t<div class=\"elementor-element elementor-element-7e1a6d69 elementor-widget elementor-widget-heading\" data-id=\"7e1a6d69\" data-element_type=\"widget\" data-e-type=\"widget\" data-widget_type=\"heading.default\">\n\t\t\t\t<div class=\"elementor-widget-container\">\n\t\t\t\t\t<h3 class=\"elementor-heading-title elementor-size-default\">Un r\u00eave? Une envie? concr\u00e9tisez vos projets...<\/h3>\t\t\t\t<\/div>\n\t\t\t\t<\/div>\n\t\t\t\t<div class=\"elementor-element elementor-element-143ba93f elementor-align-center elementor-widget elementor-widget-button\" data-id=\"143ba93f\" data-element_type=\"widget\" data-e-type=\"widget\" data-widget_type=\"button.default\">\n\t\t\t\t<div class=\"elementor-widget-container\">\n\t\t\t\t\t\t\t\t\t<div class=\"elementor-button-wrapper\">\n\t\t\t\t\t<a class=\"elementor-button elementor-button-link elementor-size-lg elementor-animation-grow\" href=\"https:\/\/thorr-vinci.fr\/contact\/\" target=\"_blank\">\n\t\t\t\t\t\t<span class=\"elementor-button-content-wrapper\">\n\t\t\t\t\t\t\t\t\t<span class=\"elementor-button-text\">contactez nous <\/span>\n\t\t\t\t\t<\/span>\n\t\t\t\t\t<\/a>\n\t\t\t\t<\/div>\n\t\t\t\t\t\t\t\t<\/div>\n\t\t\t\t<\/div>\n\t\t\t\t<\/div>\n\t\t\t\t<\/div>\n\t\t","protected":false},"excerpt":{"rendered":"","protected":false},"author":246468328,"featured_media":0,"parent":0,"menu_order":0,"comment_status":"closed","ping_status":"closed","template":"","meta":{"jetpack_post_was_ever_published":false,"footnotes":""},"class_list":["post-10774","page","type-page","status-publish","hentry"],"yoast_head":"<!-- This site is optimized with the Yoast SEO plugin v25.7 - https:\/\/yoast.com\/wordpress\/plugins\/seo\/ -->\n<title>Blog - Thorr &amp; Vinci<\/title>\n<meta name=\"description\" content=\"Dieser Blog soll Sie mit Ratschl\u00e4gen, Inspirationen und Ideen rund um unser Fachgebiet und die Werte, die uns antreiben, begleiten. Entdecken Sie regelm\u00e4\u00dfig verschiedene Artikel\" \/>\n<meta name=\"robots\" content=\"index, follow, max-snippet:-1, max-image-preview:large, max-video-preview:-1\" \/>\n<link rel=\"canonical\" href=\"https:\/\/thorr-vinci.fr\/de\/blog\/\" \/>\n<meta property=\"og:locale\" content=\"de_DE\" \/>\n<meta property=\"og:type\" content=\"article\" \/>\n<meta property=\"og:title\" content=\"Blog - Thorr &amp; Vinci\" \/>\n<meta property=\"og:description\" content=\"Dieser Blog soll Sie mit Ratschl\u00e4gen, Inspirationen und Ideen rund um unser Fachgebiet und die Werte, die uns antreiben, begleiten. Entdecken Sie regelm\u00e4\u00dfig verschiedene Artikel\" \/>\n<meta property=\"og:url\" content=\"https:\/\/thorr-vinci.fr\/de\/blog\/\" \/>\n<meta property=\"og:site_name\" content=\"Thorr &amp; Vinci\" \/>\n<meta property=\"article:publisher\" content=\"https:\/\/www.facebook.com\/profile.php?id=61560036033282\" \/>\n<meta name=\"twitter:card\" content=\"summary_large_image\" \/>\n<script type=\"application\/ld+json\" class=\"yoast-schema-graph\">{\"@context\":\"https:\/\/schema.org\",\"@graph\":[{\"@type\":\"WebPage\",\"@id\":\"https:\/\/thorr-vinci.fr\/de\/blog\/\",\"url\":\"https:\/\/thorr-vinci.fr\/de\/blog\/\",\"name\":\"Blog - Thorr &amp; Vinci\",\"isPartOf\":{\"@id\":\"https:\/\/thorr-vinci.fr\/de\/#website\"},\"datePublished\":\"2024-11-21T14:25:49+00:00\",\"description\":\"Dieser Blog soll Sie mit Ratschl\u00e4gen, Inspirationen und Ideen rund um unser Fachgebiet und die Werte, die uns antreiben, begleiten. Entdecken Sie regelm\u00e4\u00dfig verschiedene Artikel\",\"breadcrumb\":{\"@id\":\"https:\/\/thorr-vinci.fr\/de\/blog\/#breadcrumb\"},\"inLanguage\":\"de\",\"potentialAction\":[{\"@type\":\"ReadAction\",\"target\":[\"https:\/\/thorr-vinci.fr\/de\/blog\/\"]}]},{\"@type\":\"BreadcrumbList\",\"@id\":\"https:\/\/thorr-vinci.fr\/de\/blog\/#breadcrumb\",\"itemListElement\":[{\"@type\":\"ListItem\",\"position\":1,\"name\":\"Accueil\",\"item\":\"https:\/\/thorr-vinci.fr\/de\/\"},{\"@type\":\"ListItem\",\"position\":2,\"name\":\"Blog\"}]},{\"@type\":\"WebSite\",\"@id\":\"https:\/\/thorr-vinci.fr\/de\/#website\",\"url\":\"https:\/\/thorr-vinci.fr\/de\/\",\"name\":\"Thorr & Vinci\",\"description\":\"Un R\u00eave ? Une Envie ?\",\"publisher\":{\"@id\":\"https:\/\/thorr-vinci.fr\/de\/#organization\"},\"potentialAction\":[{\"@type\":\"SearchAction\",\"target\":{\"@type\":\"EntryPoint\",\"urlTemplate\":\"https:\/\/thorr-vinci.fr\/de\/?s={search_term_string}\"},\"query-input\":{\"@type\":\"PropertyValueSpecification\",\"valueRequired\":true,\"valueName\":\"search_term_string\"}}],\"inLanguage\":\"de\"},{\"@type\":\"Organization\",\"@id\":\"https:\/\/thorr-vinci.fr\/de\/#organization\",\"name\":\"Thorr & Vinci\",\"url\":\"https:\/\/thorr-vinci.fr\/de\/\",\"logo\":{\"@type\":\"ImageObject\",\"inLanguage\":\"de\",\"@id\":\"https:\/\/thorr-vinci.fr\/de\/#\/schema\/logo\/image\/\",\"url\":\"https:\/\/thorr-vinci.fr\/wp-content\/uploads\/2024\/06\/THORR-VINCI-LOGO-DORE-AVEC-1-BARRE-SITE-1.png\",\"contentUrl\":\"https:\/\/thorr-vinci.fr\/wp-content\/uploads\/2024\/06\/THORR-VINCI-LOGO-DORE-AVEC-1-BARRE-SITE-1.png\",\"width\":1880,\"height\":314,\"caption\":\"Thorr & Vinci\"},\"image\":{\"@id\":\"https:\/\/thorr-vinci.fr\/de\/#\/schema\/logo\/image\/\"},\"sameAs\":[\"https:\/\/www.facebook.com\/profile.php?id=61560036033282\",\"https:\/\/www.instagram.com\/thorr.vinci\",\"https:\/\/www.linkedin.com\/company\/103995994\/admin\/feed\/posts\/\"]}]}<\/script>\n<!-- \/ Yoast SEO plugin. -->","yoast_head_json":{"title":"Blog - Thorr &amp; Vinci","description":"Dieser Blog soll Sie mit Ratschl\u00e4gen, Inspirationen und Ideen rund um unser Fachgebiet und die Werte, die uns antreiben, begleiten. Entdecken Sie regelm\u00e4\u00dfig verschiedene Artikel","robots":{"index":"index","follow":"follow","max-snippet":"max-snippet:-1","max-image-preview":"max-image-preview:large","max-video-preview":"max-video-preview:-1"},"canonical":"https:\/\/thorr-vinci.fr\/de\/blog\/","og_locale":"de_DE","og_type":"article","og_title":"Blog - Thorr &amp; Vinci","og_description":"Dieser Blog soll Sie mit Ratschl\u00e4gen, Inspirationen und Ideen rund um unser Fachgebiet und die Werte, die uns antreiben, begleiten. Entdecken Sie regelm\u00e4\u00dfig verschiedene Artikel","og_url":"https:\/\/thorr-vinci.fr\/de\/blog\/","og_site_name":"Thorr &amp; Vinci","article_publisher":"https:\/\/www.facebook.com\/profile.php?id=61560036033282","twitter_card":"summary_large_image","schema":{"@context":"https:\/\/schema.org","@graph":[{"@type":"WebPage","@id":"https:\/\/thorr-vinci.fr\/de\/blog\/","url":"https:\/\/thorr-vinci.fr\/de\/blog\/","name":"Blog - Thorr &amp; Vinci","isPartOf":{"@id":"https:\/\/thorr-vinci.fr\/de\/#website"},"datePublished":"2024-11-21T14:25:49+00:00","description":"Dieser Blog soll Sie mit Ratschl\u00e4gen, Inspirationen und Ideen rund um unser Fachgebiet und die Werte, die uns antreiben, begleiten. Entdecken Sie regelm\u00e4\u00dfig verschiedene Artikel","breadcrumb":{"@id":"https:\/\/thorr-vinci.fr\/de\/blog\/#breadcrumb"},"inLanguage":"de","potentialAction":[{"@type":"ReadAction","target":["https:\/\/thorr-vinci.fr\/de\/blog\/"]}]},{"@type":"BreadcrumbList","@id":"https:\/\/thorr-vinci.fr\/de\/blog\/#breadcrumb","itemListElement":[{"@type":"ListItem","position":1,"name":"Accueil","item":"https:\/\/thorr-vinci.fr\/de\/"},{"@type":"ListItem","position":2,"name":"Blog"}]},{"@type":"WebSite","@id":"https:\/\/thorr-vinci.fr\/de\/#website","url":"https:\/\/thorr-vinci.fr\/de\/","name":"Thorr & Vinci","description":"Un R\u00eave ? Une Envie ?","publisher":{"@id":"https:\/\/thorr-vinci.fr\/de\/#organization"},"potentialAction":[{"@type":"SearchAction","target":{"@type":"EntryPoint","urlTemplate":"https:\/\/thorr-vinci.fr\/de\/?s={search_term_string}"},"query-input":{"@type":"PropertyValueSpecification","valueRequired":true,"valueName":"search_term_string"}}],"inLanguage":"de"},{"@type":"Organization","@id":"https:\/\/thorr-vinci.fr\/de\/#organization","name":"Thorr & Vinci","url":"https:\/\/thorr-vinci.fr\/de\/","logo":{"@type":"ImageObject","inLanguage":"de","@id":"https:\/\/thorr-vinci.fr\/de\/#\/schema\/logo\/image\/","url":"https:\/\/thorr-vinci.fr\/wp-content\/uploads\/2024\/06\/THORR-VINCI-LOGO-DORE-AVEC-1-BARRE-SITE-1.png","contentUrl":"https:\/\/thorr-vinci.fr\/wp-content\/uploads\/2024\/06\/THORR-VINCI-LOGO-DORE-AVEC-1-BARRE-SITE-1.png","width":1880,"height":314,"caption":"Thorr & Vinci"},"image":{"@id":"https:\/\/thorr-vinci.fr\/de\/#\/schema\/logo\/image\/"},"sameAs":["https:\/\/www.facebook.com\/profile.php?id=61560036033282","https:\/\/www.instagram.com\/thorr.vinci","https:\/\/www.linkedin.com\/company\/103995994\/admin\/feed\/posts\/"]}]}},"jetpack_likes_enabled":true,"jetpack_sharing_enabled":true,"jetpack_shortlink":"https:\/\/wp.me\/PgC4Kk-2NM","jetpack-related-posts":[],"_links":{"self":[{"href":"https:\/\/thorr-vinci.fr\/de\/wp-json\/wp\/v2\/pages\/10774","targetHints":{"allow":["GET"]}}],"collection":[{"href":"https:\/\/thorr-vinci.fr\/de\/wp-json\/wp\/v2\/pages"}],"about":[{"href":"https:\/\/thorr-vinci.fr\/de\/wp-json\/wp\/v2\/types\/page"}],"author":[{"embeddable":true,"href":"https:\/\/thorr-vinci.fr\/de\/wp-json\/wp\/v2\/users\/246468328"}],"replies":[{"embeddable":true,"href":"https:\/\/thorr-vinci.fr\/de\/wp-json\/wp\/v2\/comments?post=10774"}],"version-history":[{"count":0,"href":"https:\/\/thorr-vinci.fr\/de\/wp-json\/wp\/v2\/pages\/10774\/revisions"}],"wp:attachment":[{"href":"https:\/\/thorr-vinci.fr\/de\/wp-json\/wp\/v2\/media?parent=10774"}],"curies":[{"name":"wp","href":"https:\/\/api.w.org\/{rel}","templated":true}]}}